{"id":673,"date":"2020-02-14T13:58:10","date_gmt":"2020-02-14T12:58:10","guid":{"rendered":"https:\/\/damartex.com\/contact\/"},"modified":"2024-11-14T20:23:54","modified_gmt":"2024-11-14T19:23:54","slug":"contact","status":"publish","type":"page","link":"https:\/\/damartex.com\/en\/contact\/","title":{"rendered":"Contact"},"content":{"rendered":"\t\t<div data-elementor-type=\"wp-page\" data-elementor-id=\"673\" class=\"elementor elementor-673 elementor-314\">\n\t\t\t\t\t\t<section class=\"elementor-section elementor-top-section elementor-element elementor-element-67b1258 elementor-section-full_width elementor-section-height-default elementor-section-height-default\" data-id=\"67b1258\" data-element_type=\"section\" data-e-type=\"section\">\n\t\t\t\t\t\t<div class=\"elementor-container elementor-column-gap-default\">\n\t\t\t\t\t<div class=\"elementor-column elementor-col-66 elementor-top-column elementor-element elementor-element-c4af959\" data-id=\"c4af959\" data-element_type=\"column\" data-e-type=\"column\">\n\t\t\t<div class=\"elementor-widget-wrap elementor-element-populated\">\n\t\t\t\t\t\t<div class=\"elementor-element elementor-element-c101c08 elementor-widget elementor-widget-google_maps\" data-id=\"c101c08\" data-element_type=\"widget\" data-e-type=\"widget\" data-widget_type=\"google_maps.default\">\n\t\t\t\t<div class=\"elementor-widget-container\">\n\t\t\t\t\t\t\t<div class=\"elementor-custom-embed\">\n\t\t\t<iframe loading=\"lazy\"\n\t\t\t\t\tsrc=\"https:\/\/maps.google.com\/maps?q=160%20boulevard%20de%20Fourmies%2059100%20Roubaix&#038;t=m&#038;z=15&#038;output=embed&#038;iwloc=near\"\n\t\t\t\t\ttitle=\"160 boulevard de Fourmies 59100 Roubaix\"\n\t\t\t\t\taria-label=\"160 boulevard de Fourmies 59100 Roubaix\"\n\t\t\t><\/iframe>\n\t\t<\/div>\n\t\t\t\t\t\t<\/div>\n\t\t\t\t<\/div>\n\t\t\t\t\t<\/div>\n\t\t<\/div>\n\t\t\t\t<div class=\"elementor-column elementor-col-33 elementor-top-column elementor-element elementor-element-68de9b9\" data-id=\"68de9b9\" data-element_type=\"column\" data-e-type=\"column\">\n\t\t\t<div class=\"elementor-widget-wrap elementor-element-populated\">\n\t\t\t\t\t\t<section class=\"elementor-section elementor-inner-section elementor-element elementor-element-223c8d5 elementor-section-full_width elementor-section-height-default elementor-section-height-default\" data-id=\"223c8d5\" data-element_type=\"section\" data-e-type=\"section\">\n\t\t\t\t\t\t<div class=\"elementor-container elementor-column-gap-default\">\n\t\t\t\t\t<div class=\"elementor-column elementor-col-100 elementor-inner-column elementor-element elementor-element-686a6c7 s-coordonnees\" data-id=\"686a6c7\" data-element_type=\"column\" data-e-type=\"column\" data-settings=\"{&quot;background_background&quot;:&quot;classic&quot;}\">\n\t\t\t<div class=\"elementor-widget-wrap elementor-element-populated\">\n\t\t\t\t\t\t<div class=\"elementor-element elementor-element-49b0d1c elementor-widget elementor-widget-heading\" data-id=\"49b0d1c\" data-element_type=\"widget\" data-e-type=\"widget\" data-widget_type=\"heading.default\">\n\t\t\t\t<div class=\"elementor-widget-container\">\n\t\t\t\t\t<h2 class=\"elementor-heading-title elementor-size-large\">Corporate headquarters <br> damartex<\/h2>\t\t\t\t<\/div>\n\t\t\t\t<\/div>\n\t\t\t\t<div class=\"elementor-element elementor-element-6f372ea elementor-position-inline-start elementor-view-default elementor-mobile-position-block-start elementor-widget elementor-widget-icon-box\" data-id=\"6f372ea\" data-element_type=\"widget\" data-e-type=\"widget\" data-widget_type=\"icon-box.default\">\n\t\t\t\t<div class=\"elementor-widget-container\">\n\t\t\t\t\t\t\t<div class=\"elementor-icon-box-wrapper\">\n\n\t\t\t\t\t\t<div class=\"elementor-icon-box-icon\">\n\t\t\t\t<span  class=\"elementor-icon\">\n\t\t\t\t<svg xmlns=\"http:\/\/www.w3.org\/2000\/svg\" width=\"725\" height=\"1000\" viewBox=\"0 0 725 1000\" fill=\"none\"><path d=\"M362.297 0C162.6 0 0.134766 162.465 0.134766 362.161C0.134766 609.989 324.235 973.816 338.034 989.183C350.995 1003.62 373.624 1003.59 386.561 989.183C400.36 973.816 724.46 609.989 724.46 362.161C724.456 162.465 561.993 0 362.297 0ZM362.297 917.441C253.221 787.874 65.3536 532.251 65.3536 362.164C65.3536 198.426 198.561 65.2188 362.297 65.2188C526.034 65.2188 659.241 198.426 659.241 362.163C659.239 532.257 471.401 787.833 362.297 917.441Z\" fill=\"#AC1A7F\"><\/path><path d=\"M362.294 179.949C261.821 179.949 180.083 261.689 180.083 362.162C180.083 462.635 261.823 544.375 362.294 544.375C462.765 544.375 544.503 462.635 544.503 362.162C544.503 261.689 462.765 179.949 362.294 179.949ZM362.294 479.157C297.782 479.157 245.302 426.674 245.302 362.162C245.302 297.65 297.784 245.168 362.294 245.168C426.804 245.168 479.286 297.65 479.286 362.162C479.286 426.674 426.804 479.157 362.294 479.157Z\" fill=\"#AC1A7F\"><\/path><\/svg>\t\t\t\t<\/span>\n\t\t\t<\/div>\n\t\t\t\n\t\t\t\t\t\t<div class=\"elementor-icon-box-content\">\n\n\t\t\t\t\n\t\t\t\t\t\t\t\t\t<p class=\"elementor-icon-box-description\">\n\t\t\t\t\t\t160 boulevard de Fourmies<br>\n59100 Roubaix\t\t\t\t\t<\/p>\n\t\t\t\t\n\t\t\t<\/div>\n\t\t\t\n\t\t<\/div>\n\t\t\t\t\t\t<\/div>\n\t\t\t\t<\/div>\n\t\t\t\t<div class=\"elementor-element elementor-element-ba06713 elementor-position-inline-start elementor-view-default elementor-mobile-position-block-start elementor-widget elementor-widget-icon-box\" data-id=\"ba06713\" data-element_type=\"widget\" data-e-type=\"widget\" data-widget_type=\"icon-box.default\">\n\t\t\t\t<div class=\"elementor-widget-container\">\n\t\t\t\t\t\t\t<div class=\"elementor-icon-box-wrapper\">\n\n\t\t\t\t\t\t<div class=\"elementor-icon-box-icon\">\n\t\t\t\t<span  class=\"elementor-icon\">\n\t\t\t\t<svg xmlns=\"http:\/\/www.w3.org\/2000\/svg\" width=\"1000\" height=\"1000\" viewBox=\"0 0 1000 1000\" fill=\"none\"><path d=\"M974.252 737.565L849.937 613.25C815.664 578.979 759.894 578.979 725.623 613.25L669.117 669.756C643.152 695.721 600.902 695.713 574.947 669.766L330.025 424.635C303.999 398.61 303.995 356.487 330.025 330.457C339.126 321.356 365.261 295.221 386.531 273.951C420.654 239.83 421.13 184.235 386.497 149.606L262.216 25.7149C227.942 -8.55664 172.175 -8.55663 137.993 25.625C112.415 50.9805 104.165 59.1602 92.6962 70.5294C-30.8977 194.121 -30.8977 395.221 92.6903 518.809L480.761 907.083C604.644 1030.97 805.152 1030.98 929.045 907.083L974.252 861.878C1008.53 827.604 1008.53 771.838 974.252 737.565ZM179.341 67.1524C190.765 55.7286 209.351 55.7266 220.812 67.1836L345.093 191.074C356.544 202.526 356.544 221.059 345.093 232.512L324.372 253.231L158.727 87.586L179.341 67.1524ZM522.206 865.651L134.134 477.373C38.5125 381.752 33.2566 231.606 117.97 129.705L283.134 294.869C239.735 344.067 241.544 419.034 288.577 466.067L533.492 711.186C533.494 711.188 533.497 711.192 533.499 711.194C580.482 758.178 655.445 760.104 704.703 716.647L869.871 881.815C768.295 966.382 618.486 961.93 522.206 865.651ZM932.816 820.44L912.096 841.161L746.343 675.407L767.06 654.688C778.486 643.264 797.074 643.262 808.5 654.688L932.814 779.003C944.24 790.428 944.24 809.018 932.816 820.44Z\" fill=\"#AC1A7F\"><\/path><\/svg>\t\t\t\t<\/span>\n\t\t\t<\/div>\n\t\t\t\n\t\t\t\t\t\t<div class=\"elementor-icon-box-content\">\n\n\t\t\t\t\n\t\t\t\t\t\t\t\t\t<p class=\"elementor-icon-box-description\">\n\t\t\t\t\t\t+33 3 20 99 44 00\t\t\t\t\t<\/p>\n\t\t\t\t\n\t\t\t<\/div>\n\t\t\t\n\t\t<\/div>\n\t\t\t\t\t\t<\/div>\n\t\t\t\t<\/div>\n\t\t\t\t\t<\/div>\n\t\t<\/div>\n\t\t\t\t\t<\/div>\n\t\t<\/section>\n\t\t\t\t<section class=\"elementor-section elementor-inner-section elementor-element elementor-element-9b3b8dc elementor-section-boxed elementor-section-height-default elementor-section-height-default\" data-id=\"9b3b8dc\" data-element_type=\"section\" data-e-type=\"section\">\n\t\t\t\t\t\t<div class=\"elementor-container elementor-column-gap-default\">\n\t\t\t\t\t<div class=\"elementor-column elementor-col-100 elementor-inner-column elementor-element elementor-element-cd5c45c s-coordonnees\" data-id=\"cd5c45c\" data-element_type=\"column\" data-e-type=\"column\" data-settings=\"{&quot;background_background&quot;:&quot;classic&quot;}\">\n\t\t\t<div class=\"elementor-widget-wrap elementor-element-populated\">\n\t\t\t\t\t\t<div class=\"elementor-element elementor-element-aa3ee9b elementor-widget elementor-widget-text-editor\" data-id=\"aa3ee9b\" data-element_type=\"widget\" data-e-type=\"widget\" data-widget_type=\"text-editor.default\">\n\t\t\t\t<div class=\"elementor-widget-container\">\n\t\t\t\t\t\t\t\t\t<p>Please do not send commercial enquiries to the addresses below and prefer to contact the individual brands.<\/p><p>\u00a0<\/p>\t\t\t\t\t\t\t\t<\/div>\n\t\t\t\t<\/div>\n\t\t\t\t<div class=\"elementor-element elementor-element-a89562e elementor-widget elementor-widget-heading\" data-id=\"a89562e\" data-element_type=\"widget\" data-e-type=\"widget\" data-widget_type=\"heading.default\">\n\t\t\t\t<div class=\"elementor-widget-container\">\n\t\t\t\t\t<h2 class=\"elementor-heading-title elementor-size-default\"><b>Financial reporting manager<\/b><\/h2>\t\t\t\t<\/div>\n\t\t\t\t<\/div>\n\t\t\t\t<div class=\"elementor-element elementor-element-7f42829 elementor-widget elementor-widget-text-editor\" data-id=\"7f42829\" data-element_type=\"widget\" data-e-type=\"widget\" data-widget_type=\"text-editor.default\">\n\t\t\t\t<div class=\"elementor-widget-container\">\n\t\t\t\t\t\t\t\t\t<p><span style=\"color: #993366;\"><strong>Anne-Sylvie Hubert<\/strong><\/span><br \/>Damartex Chief Financial Officer<\/p>\t\t\t\t\t\t\t\t<\/div>\n\t\t\t\t<\/div>\n\t\t\t\t<div class=\"elementor-element elementor-element-4db1b80 elementor-position-inline-start elementor-view-default elementor-mobile-position-block-start elementor-widget elementor-widget-icon-box\" data-id=\"4db1b80\" data-element_type=\"widget\" data-e-type=\"widget\" data-widget_type=\"icon-box.default\">\n\t\t\t\t<div class=\"elementor-widget-container\">\n\t\t\t\t\t\t\t<div class=\"elementor-icon-box-wrapper\">\n\n\t\t\t\t\t\t<div class=\"elementor-icon-box-icon\">\n\t\t\t\t<a href=\"mailto:yourcontact@damartex.com\" target=\"_blank\" class=\"elementor-icon\" tabindex=\"-1\">\n\t\t\t\t<svg xmlns=\"http:\/\/www.w3.org\/2000\/svg\" width=\"1313\" height=\"1001\" viewBox=\"0 0 1313 1001\" fill=\"none\"><path d=\"M1197.44 0.574219H115.385C51.841 0.574219 0 52.3588 0 115.959V885.19C0 948.574 51.6103 1000.57 115.385 1000.57H1197.44C1260.82 1000.57 1312.82 948.964 1312.82 885.19V115.959C1312.82 52.5742 1261.21 0.574219 1197.44 0.574219ZM1181.5 77.4973L658.856 600.146L131.69 77.4973H1181.5ZM76.9231 869.261V131.52L447.382 498.802L76.9231 869.261ZM131.315 923.651L502.008 552.959L631.897 681.733C646.933 696.641 671.197 696.592 686.172 681.615L812.821 554.967L1181.51 923.651H131.315ZM1235.9 869.259L867.213 500.574L1235.9 131.887V869.259Z\" fill=\"#AC1A7F\"><\/path><\/svg>\t\t\t\t<\/a>\n\t\t\t<\/div>\n\t\t\t\n\t\t\t\t\t\t<div class=\"elementor-icon-box-content\">\n\n\t\t\t\t\n\t\t\t\t\t\t\t\t\t<p class=\"elementor-icon-box-description\">\n\t\t\t\t\t\t<a href=\"mailto:yourcontact@damartex.com\">yourcontact@damartex.com<\/a>\t\t\t\t\t<\/p>\n\t\t\t\t\n\t\t\t<\/div>\n\t\t\t\n\t\t<\/div>\n\t\t\t\t\t\t<\/div>\n\t\t\t\t<\/div>\n\t\t\t\t\t<\/div>\n\t\t<\/div>\n\t\t\t\t\t<\/div>\n\t\t<\/section>\n\t\t\t\t<section class=\"elementor-section elementor-inner-section elementor-element elementor-element-3b91ee6 elementor-section-boxed elementor-section-height-default elementor-section-height-default\" data-id=\"3b91ee6\" data-element_type=\"section\" data-e-type=\"section\">\n\t\t\t\t\t\t<div class=\"elementor-container elementor-column-gap-default\">\n\t\t\t\t\t<div class=\"elementor-column elementor-col-100 elementor-inner-column elementor-element elementor-element-885291d s-coordonnees\" data-id=\"885291d\" data-element_type=\"column\" data-e-type=\"column\" data-settings=\"{&quot;background_background&quot;:&quot;classic&quot;}\">\n\t\t\t<div class=\"elementor-widget-wrap elementor-element-populated\">\n\t\t\t\t\t\t<div class=\"elementor-element elementor-element-080ed66 elementor-widget elementor-widget-heading\" data-id=\"080ed66\" data-element_type=\"widget\" data-e-type=\"widget\" data-widget_type=\"heading.default\">\n\t\t\t\t<div class=\"elementor-widget-container\">\n\t\t\t\t\t<h2 class=\"elementor-heading-title elementor-size-default\"><b>Transparency contact<\/b><\/h2>\t\t\t\t<\/div>\n\t\t\t\t<\/div>\n\t\t\t\t<div class=\"elementor-element elementor-element-a696cf9 elementor-widget elementor-widget-text-editor\" data-id=\"a696cf9\" data-element_type=\"widget\" data-e-type=\"widget\" data-widget_type=\"text-editor.default\">\n\t\t\t\t<div class=\"elementor-widget-container\">\n\t\t\t\t\t\t\t\t\t<p>The ethics committee can be contacted at this address<\/p>\t\t\t\t\t\t\t\t<\/div>\n\t\t\t\t<\/div>\n\t\t\t\t<div class=\"elementor-element elementor-element-d8e8b26 elementor-position-inline-start elementor-view-default elementor-mobile-position-block-start elementor-widget elementor-widget-icon-box\" data-id=\"d8e8b26\" data-element_type=\"widget\" data-e-type=\"widget\" data-widget_type=\"icon-box.default\">\n\t\t\t\t<div class=\"elementor-widget-container\">\n\t\t\t\t\t\t\t<div class=\"elementor-icon-box-wrapper\">\n\n\t\t\t\t\t\t<div class=\"elementor-icon-box-icon\">\n\t\t\t\t<a href=\"mailto:transparency@damartex.com\u200b\" class=\"elementor-icon\" tabindex=\"-1\">\n\t\t\t\t<svg xmlns=\"http:\/\/www.w3.org\/2000\/svg\" width=\"1313\" height=\"1001\" viewBox=\"0 0 1313 1001\" fill=\"none\"><path d=\"M1197.44 0.574219H115.385C51.841 0.574219 0 52.3588 0 115.959V885.19C0 948.574 51.6103 1000.57 115.385 1000.57H1197.44C1260.82 1000.57 1312.82 948.964 1312.82 885.19V115.959C1312.82 52.5742 1261.21 0.574219 1197.44 0.574219ZM1181.5 77.4973L658.856 600.146L131.69 77.4973H1181.5ZM76.9231 869.261V131.52L447.382 498.802L76.9231 869.261ZM131.315 923.651L502.008 552.959L631.897 681.733C646.933 696.641 671.197 696.592 686.172 681.615L812.821 554.967L1181.51 923.651H131.315ZM1235.9 869.259L867.213 500.574L1235.9 131.887V869.259Z\" fill=\"#AC1A7F\"><\/path><\/svg>\t\t\t\t<\/a>\n\t\t\t<\/div>\n\t\t\t\n\t\t\t\t\t\t<div class=\"elementor-icon-box-content\">\n\n\t\t\t\t\n\t\t\t\t\t\t\t\t\t<p class=\"elementor-icon-box-description\">\n\t\t\t\t\t\t<a href=\"mailto:transparency@damartex.com\">transparency@damartex.com<\/a>\t\t\t\t\t<\/p>\n\t\t\t\t\n\t\t\t<\/div>\n\t\t\t\n\t\t<\/div>\n\t\t\t\t\t\t<\/div>\n\t\t\t\t<\/div>\n\t\t\t\t\t<\/div>\n\t\t<\/div>\n\t\t\t\t\t<\/div>\n\t\t<\/section>\n\t\t\t\t\t<\/div>\n\t\t<\/div>\n\t\t\t\t\t<\/div>\n\t\t<\/section>\n\t\t\t\t<\/div>\n\t\t","protected":false},"excerpt":{"rendered":"<p>Corporate headquarters damartex 160 boulevard de Fourmies 59100 Roubaix +33 3 20 99 44 00 Please do not send commercial enquiries to the addresses below and prefer to contact the individual brands. \u00a0 Financial reporting manager Anne-Sylvie HubertDamartex Chief Financial Officer yourcontact@damartex.com Transparency contact The ethics committee can be contacted at this address transparency@damartex.com<\/p>\n","protected":false},"author":1,"featured_media":0,"parent":0,"menu_order":0,"comment_status":"closed","ping_status":"closed","template":"templates\/finance.php","meta":{"_acf_changed":false,"footnotes":""},"class_list":["post-673","page","type-page","status-publish","hentry"],"acf":[],"yoast_head":"<!-- This site is optimized with the Yoast SEO plugin v27.2 - https:\/\/yoast.com\/product\/yoast-seo-wordpress\/ -->\n<title>Contact - Damartex<\/title>\n<meta name=\"robots\" content=\"index, follow, max-snippet:-1, max-image-preview:large, max-video-preview:-1\" \/>\n<link rel=\"canonical\" href=\"https:\/\/damartex.com\/en\/contact\/\" \/>\n<meta property=\"og:locale\" content=\"en_US\" \/>\n<meta property=\"og:type\" content=\"article\" \/>\n<meta property=\"og:title\" content=\"Contact - Damartex\" \/>\n<meta property=\"og:description\" content=\"Corporate headquarters damartex 160 boulevard de Fourmies 59100 Roubaix +33 3 20 99 44 00 Please do not send commercial enquiries to the addresses below and prefer to contact the individual brands. \u00a0 Financial reporting manager Anne-Sylvie HubertDamartex Chief Financial Officer yourcontact@damartex.com Transparency contact The ethics committee can be contacted at this address transparency@damartex.com\" \/>\n<meta property=\"og:url\" content=\"https:\/\/damartex.com\/en\/contact\/\" \/>\n<meta property=\"og:site_name\" content=\"Damartex\" \/>\n<meta property=\"article:modified_time\" content=\"2024-11-14T19:23:54+00:00\" \/>\n<meta name=\"twitter:card\" content=\"summary_large_image\" \/>\n<meta name=\"twitter:label1\" content=\"Est. reading time\" \/>\n\t<meta name=\"twitter:data1\" content=\"1 minute\" \/>\n<script type=\"application\/ld+json\" class=\"yoast-schema-graph\">{\"@context\":\"https:\/\/schema.org\",\"@graph\":[{\"@type\":\"WebPage\",\"@id\":\"https:\/\/damartex.com\/en\/contact\/\",\"url\":\"https:\/\/damartex.com\/en\/contact\/\",\"name\":\"Contact - Damartex\",\"isPartOf\":{\"@id\":\"https:\/\/damartex.com\/#website\"},\"datePublished\":\"2020-02-14T12:58:10+00:00\",\"dateModified\":\"2024-11-14T19:23:54+00:00\",\"breadcrumb\":{\"@id\":\"https:\/\/damartex.com\/en\/contact\/#breadcrumb\"},\"inLanguage\":\"en-US\",\"potentialAction\":[{\"@type\":\"ReadAction\",\"target\":[\"https:\/\/damartex.com\/en\/contact\/\"]}]},{\"@type\":\"BreadcrumbList\",\"@id\":\"https:\/\/damartex.com\/en\/contact\/#breadcrumb\",\"itemListElement\":[{\"@type\":\"ListItem\",\"position\":1,\"name\":\"Home\",\"item\":\"https:\/\/damartex.com\/en\/\"},{\"@type\":\"ListItem\",\"position\":2,\"name\":\"Contact\"}]},{\"@type\":\"WebSite\",\"@id\":\"https:\/\/damartex.com\/#website\",\"url\":\"https:\/\/damartex.com\/\",\"name\":\"Damartex\",\"description\":\"Damartex regroupe neuf enseignes : Damart, Afibel, Xandres pour le p\u00f4le \u00ab Textile \u00bb, 3Pagen, Vitrine Magique, Coopers of Stortford, pour le p\u00f4le &quot;Home and Lifestyle&quot;, Sant\u00e9ol, MSant\u00e9 et Almadia pour le p\u00f4le &quot;Sant\u00e9&quot;\",\"publisher\":{\"@id\":\"https:\/\/damartex.com\/#organization\"},\"potentialAction\":[{\"@type\":\"SearchAction\",\"target\":{\"@type\":\"EntryPoint\",\"urlTemplate\":\"https:\/\/damartex.com\/?s={search_term_string}\"},\"query-input\":{\"@type\":\"PropertyValueSpecification\",\"valueRequired\":true,\"valueName\":\"search_term_string\"}}],\"inLanguage\":\"en-US\"},{\"@type\":\"Organization\",\"@id\":\"https:\/\/damartex.com\/#organization\",\"name\":\"Damartex\",\"url\":\"https:\/\/damartex.com\/\",\"logo\":{\"@type\":\"ImageObject\",\"inLanguage\":\"en-US\",\"@id\":\"https:\/\/damartex.com\/#\/schema\/logo\/image\/\",\"url\":\"https:\/\/damartex.com\/assets\/uploads\/2020\/02\/logo.png\",\"contentUrl\":\"https:\/\/damartex.com\/assets\/uploads\/2020\/02\/logo.png\",\"width\":451,\"height\":184,\"caption\":\"Damartex\"},\"image\":{\"@id\":\"https:\/\/damartex.com\/#\/schema\/logo\/image\/\"},\"sameAs\":[\"https:\/\/www.linkedin.com\/company\/groupe-damartex\/\"]}]}<\/script>\n<!-- \/ Yoast SEO plugin. -->","yoast_head_json":{"title":"Contact - Damartex","robots":{"index":"index","follow":"follow","max-snippet":"max-snippet:-1","max-image-preview":"max-image-preview:large","max-video-preview":"max-video-preview:-1"},"canonical":"https:\/\/damartex.com\/en\/contact\/","og_locale":"en_US","og_type":"article","og_title":"Contact - Damartex","og_description":"Corporate headquarters damartex 160 boulevard de Fourmies 59100 Roubaix +33 3 20 99 44 00 Please do not send commercial enquiries to the addresses below and prefer to contact the individual brands. \u00a0 Financial reporting manager Anne-Sylvie HubertDamartex Chief Financial Officer yourcontact@damartex.com Transparency contact The ethics committee can be contacted at this address transparency@damartex.com","og_url":"https:\/\/damartex.com\/en\/contact\/","og_site_name":"Damartex","article_modified_time":"2024-11-14T19:23:54+00:00","twitter_card":"summary_large_image","twitter_misc":{"Est. reading time":"1 minute"},"schema":{"@context":"https:\/\/schema.org","@graph":[{"@type":"WebPage","@id":"https:\/\/damartex.com\/en\/contact\/","url":"https:\/\/damartex.com\/en\/contact\/","name":"Contact - Damartex","isPartOf":{"@id":"https:\/\/damartex.com\/#website"},"datePublished":"2020-02-14T12:58:10+00:00","dateModified":"2024-11-14T19:23:54+00:00","breadcrumb":{"@id":"https:\/\/damartex.com\/en\/contact\/#breadcrumb"},"inLanguage":"en-US","potentialAction":[{"@type":"ReadAction","target":["https:\/\/damartex.com\/en\/contact\/"]}]},{"@type":"BreadcrumbList","@id":"https:\/\/damartex.com\/en\/contact\/#breadcrumb","itemListElement":[{"@type":"ListItem","position":1,"name":"Home","item":"https:\/\/damartex.com\/en\/"},{"@type":"ListItem","position":2,"name":"Contact"}]},{"@type":"WebSite","@id":"https:\/\/damartex.com\/#website","url":"https:\/\/damartex.com\/","name":"Damartex","description":"Damartex regroupe neuf enseignes : Damart, Afibel, Xandres pour le p\u00f4le \u00ab Textile \u00bb, 3Pagen, Vitrine Magique, Coopers of Stortford, pour le p\u00f4le &quot;Home and Lifestyle&quot;, Sant\u00e9ol, MSant\u00e9 et Almadia pour le p\u00f4le &quot;Sant\u00e9&quot;","publisher":{"@id":"https:\/\/damartex.com\/#organization"},"potentialAction":[{"@type":"SearchAction","target":{"@type":"EntryPoint","urlTemplate":"https:\/\/damartex.com\/?s={search_term_string}"},"query-input":{"@type":"PropertyValueSpecification","valueRequired":true,"valueName":"search_term_string"}}],"inLanguage":"en-US"},{"@type":"Organization","@id":"https:\/\/damartex.com\/#organization","name":"Damartex","url":"https:\/\/damartex.com\/","logo":{"@type":"ImageObject","inLanguage":"en-US","@id":"https:\/\/damartex.com\/#\/schema\/logo\/image\/","url":"https:\/\/damartex.com\/assets\/uploads\/2020\/02\/logo.png","contentUrl":"https:\/\/damartex.com\/assets\/uploads\/2020\/02\/logo.png","width":451,"height":184,"caption":"Damartex"},"image":{"@id":"https:\/\/damartex.com\/#\/schema\/logo\/image\/"},"sameAs":["https:\/\/www.linkedin.com\/company\/groupe-damartex\/"]}]}},"_links":{"self":[{"href":"https:\/\/damartex.com\/en\/wp-json\/wp\/v2\/pages\/673","targetHints":{"allow":["GET"]}}],"collection":[{"href":"https:\/\/damartex.com\/en\/wp-json\/wp\/v2\/pages"}],"about":[{"href":"https:\/\/damartex.com\/en\/wp-json\/wp\/v2\/types\/page"}],"author":[{"embeddable":true,"href":"https:\/\/damartex.com\/en\/wp-json\/wp\/v2\/users\/1"}],"replies":[{"embeddable":true,"href":"https:\/\/damartex.com\/en\/wp-json\/wp\/v2\/comments?post=673"}],"version-history":[{"count":36,"href":"https:\/\/damartex.com\/en\/wp-json\/wp\/v2\/pages\/673\/revisions"}],"predecessor-version":[{"id":6424,"href":"https:\/\/damartex.com\/en\/wp-json\/wp\/v2\/pages\/673\/revisions\/6424"}],"wp:attachment":[{"href":"https:\/\/damartex.com\/en\/wp-json\/wp\/v2\/media?parent=673"}],"curies":[{"name":"wp","href":"https:\/\/api.w.org\/{rel}","templated":true}]}}