{"id":2366,"date":"2020-03-12T13:23:45","date_gmt":"2020-03-12T12:23:45","guid":{"rendered":"https:\/\/damartex.com\/?page_id=2366"},"modified":"2026-01-23T10:49:33","modified_gmt":"2026-01-23T09:49:33","slug":"legal-notice","status":"publish","type":"page","link":"https:\/\/damartex.com\/en\/legal-notice\/","title":{"rendered":"Legal notice"},"content":{"rendered":"\t\t<div data-elementor-type=\"wp-page\" data-elementor-id=\"2366\" class=\"elementor elementor-2366 elementor-2359\">\n\t\t\t\t\t\t<section class=\"elementor-section elementor-top-section elementor-element elementor-element-441fad35 elementor-section-boxed elementor-section-height-default elementor-section-height-default\" data-id=\"441fad35\" data-element_type=\"section\" data-e-type=\"section\">\n\t\t\t\t\t\t<div class=\"elementor-container elementor-column-gap-default\">\n\t\t\t\t\t<div class=\"elementor-column elementor-col-100 elementor-top-column elementor-element elementor-element-116a276f\" data-id=\"116a276f\" data-element_type=\"column\" data-e-type=\"column\">\n\t\t\t<div class=\"elementor-widget-wrap elementor-element-populated\">\n\t\t\t\t\t\t<div class=\"elementor-element elementor-element-599aa2ae elementor-widget elementor-widget-text-editor\" data-id=\"599aa2ae\" data-element_type=\"widget\" data-e-type=\"widget\" data-widget_type=\"text-editor.default\">\n\t\t\t\t<div class=\"elementor-widget-container\">\n\t\t\t\t\t\t\t\t\t<p>This website, accessible at www.damartex.com, is published by Damartex, a public limited company with a capital of \u20ac57,991,500.00, registered in the Lille M\u00e9tropole Trade and Companies Register under number 441 378 312, whose head office is located at 160 boulevard de Fourmies 59100 ROUBAIX (France).<\/p><p>Director of publication: Nicolas MARCHAND,<\/p><p>Website design: This site was designed and developed by <a title=\"Blaaaz Agency - Website creation\" href=\"https:\/\/www.blaaaz.com\/\" target=\"_blank\" rel=\"noopener\">Blaaaz Agency, experts in website creation<\/a>,<\/p><p>Hosting company: OVH, 2 rue Kellermann, 59100 ROUBAIX (France)<\/p><p>This website is intended for anyone who wishes to obtain general and corporate information about the DAMARTEX Group.<\/p><p>Contact email address: yourcontact<u>\u00a0(a) damartex.com<\/u><\/p><p>It is the exclusive property of DAMARTEX, the only company authorized to use and exploit the intellectual property rights and personality rights attached to this website, in particular, trademarks, designs and models, copyrights and image rights, either as an original title or by virtue of an assignment or licence.<\/p><p>The use of all or part of the website including by downloading, reproduction, transmission or representation for purposes other than personal and private use for non-commercial purposes is strictly forbidden.<\/p><p><b>IMPORTANT\u00a0<\/b><\/p><p>DAMARTEX makes every effort to ensure the reliability of all the information published on this website, and reserves the right to modify or correct its content at any time and without notice.<\/p><p>However, the DAMARTEX company does not in any way guarantee the accuracy, precision, completeness or suitability for the use that the user intends to make of the information made available on this website, including all hypertext links or any other IT connection used, directly or indirectly, from this website.<\/p><p>Access to this website is the responsibility of Internet users to whom it is particularly incumbent to protect themselves against any virus or any other element that could destroy or damage their computers or the data it contains.<\/p><div>\u00a0<\/div><div>\u00a0<\/div>\t\t\t\t\t\t\t\t<\/div>\n\t\t\t\t<\/div>\n\t\t\t\t\t<\/div>\n\t\t<\/div>\n\t\t\t\t\t<\/div>\n\t\t<\/section>\n\t\t\t\t<\/div>\n\t\t","protected":false},"excerpt":{"rendered":"<p>This website, accessible at www.damartex.com, is published by Damartex, a public limited company with a capital of \u20ac57,991,500.00, registered in the Lille M\u00e9tropole Trade and Companies Register under number 441 378 312, whose head office is located at 160 boulevard de Fourmies 59100 ROUBAIX (France). Director of publication: Nicolas MARCHAND, Website design: This site was [&hellip;]<\/p>\n","protected":false},"author":1,"featured_media":0,"parent":0,"menu_order":0,"comment_status":"closed","ping_status":"closed","template":"templates\/basic.php","meta":{"_acf_changed":false,"footnotes":""},"class_list":["post-2366","page","type-page","status-publish","hentry"],"acf":[],"yoast_head":"<!-- This site is optimized with the Yoast SEO plugin v27.2 - https:\/\/yoast.com\/product\/yoast-seo-wordpress\/ -->\n<title>Legal notice - Damartex<\/title>\n<meta name=\"robots\" content=\"index, follow, max-snippet:-1, max-image-preview:large, max-video-preview:-1\" \/>\n<link rel=\"canonical\" href=\"https:\/\/damartex.com\/en\/legal-notice\/\" \/>\n<meta property=\"og:locale\" content=\"en_US\" \/>\n<meta property=\"og:type\" content=\"article\" \/>\n<meta property=\"og:title\" content=\"Legal notice - Damartex\" \/>\n<meta property=\"og:description\" content=\"This website, accessible at www.damartex.com, is published by Damartex, a public limited company with a capital of \u20ac57,991,500.00, registered in the Lille M\u00e9tropole Trade and Companies Register under number 441 378 312, whose head office is located at 160 boulevard de Fourmies 59100 ROUBAIX (France). Director of publication: Nicolas MARCHAND, Website design: This site was [&hellip;]\" \/>\n<meta property=\"og:url\" content=\"https:\/\/damartex.com\/en\/legal-notice\/\" \/>\n<meta property=\"og:site_name\" content=\"Damartex\" \/>\n<meta property=\"article:modified_time\" content=\"2026-01-23T09:49:33+00:00\" \/>\n<meta name=\"twitter:card\" content=\"summary_large_image\" \/>\n<meta name=\"twitter:label1\" content=\"Est. reading time\" \/>\n\t<meta name=\"twitter:data1\" content=\"2 minutes\" \/>\n<script type=\"application\/ld+json\" class=\"yoast-schema-graph\">{\"@context\":\"https:\/\/schema.org\",\"@graph\":[{\"@type\":\"WebPage\",\"@id\":\"https:\/\/damartex.com\/en\/legal-notice\/\",\"url\":\"https:\/\/damartex.com\/en\/legal-notice\/\",\"name\":\"Legal notice - Damartex\",\"isPartOf\":{\"@id\":\"https:\/\/damartex.com\/#website\"},\"datePublished\":\"2020-03-12T12:23:45+00:00\",\"dateModified\":\"2026-01-23T09:49:33+00:00\",\"breadcrumb\":{\"@id\":\"https:\/\/damartex.com\/en\/legal-notice\/#breadcrumb\"},\"inLanguage\":\"en-US\",\"potentialAction\":[{\"@type\":\"ReadAction\",\"target\":[\"https:\/\/damartex.com\/en\/legal-notice\/\"]}]},{\"@type\":\"BreadcrumbList\",\"@id\":\"https:\/\/damartex.com\/en\/legal-notice\/#breadcrumb\",\"itemListElement\":[{\"@type\":\"ListItem\",\"position\":1,\"name\":\"Home\",\"item\":\"https:\/\/damartex.com\/en\/\"},{\"@type\":\"ListItem\",\"position\":2,\"name\":\"Legal notice\"}]},{\"@type\":\"WebSite\",\"@id\":\"https:\/\/damartex.com\/#website\",\"url\":\"https:\/\/damartex.com\/\",\"name\":\"Damartex\",\"description\":\"Damartex regroupe neuf enseignes : Damart, Afibel, Xandres pour le p\u00f4le \u00ab Textile \u00bb, 3Pagen, Vitrine Magique, Coopers of Stortford, pour le p\u00f4le &quot;Home and Lifestyle&quot;, Sant\u00e9ol, MSant\u00e9 et Almadia pour le p\u00f4le &quot;Sant\u00e9&quot;\",\"publisher\":{\"@id\":\"https:\/\/damartex.com\/#organization\"},\"potentialAction\":[{\"@type\":\"SearchAction\",\"target\":{\"@type\":\"EntryPoint\",\"urlTemplate\":\"https:\/\/damartex.com\/?s={search_term_string}\"},\"query-input\":{\"@type\":\"PropertyValueSpecification\",\"valueRequired\":true,\"valueName\":\"search_term_string\"}}],\"inLanguage\":\"en-US\"},{\"@type\":\"Organization\",\"@id\":\"https:\/\/damartex.com\/#organization\",\"name\":\"Damartex\",\"url\":\"https:\/\/damartex.com\/\",\"logo\":{\"@type\":\"ImageObject\",\"inLanguage\":\"en-US\",\"@id\":\"https:\/\/damartex.com\/#\/schema\/logo\/image\/\",\"url\":\"https:\/\/damartex.com\/assets\/uploads\/2020\/02\/logo.png\",\"contentUrl\":\"https:\/\/damartex.com\/assets\/uploads\/2020\/02\/logo.png\",\"width\":451,\"height\":184,\"caption\":\"Damartex\"},\"image\":{\"@id\":\"https:\/\/damartex.com\/#\/schema\/logo\/image\/\"},\"sameAs\":[\"https:\/\/www.linkedin.com\/company\/groupe-damartex\/\"]}]}<\/script>\n<!-- \/ Yoast SEO plugin. -->","yoast_head_json":{"title":"Legal notice - Damartex","robots":{"index":"index","follow":"follow","max-snippet":"max-snippet:-1","max-image-preview":"max-image-preview:large","max-video-preview":"max-video-preview:-1"},"canonical":"https:\/\/damartex.com\/en\/legal-notice\/","og_locale":"en_US","og_type":"article","og_title":"Legal notice - Damartex","og_description":"This website, accessible at www.damartex.com, is published by Damartex, a public limited company with a capital of \u20ac57,991,500.00, registered in the Lille M\u00e9tropole Trade and Companies Register under number 441 378 312, whose head office is located at 160 boulevard de Fourmies 59100 ROUBAIX (France). Director of publication: Nicolas MARCHAND, Website design: This site was [&hellip;]","og_url":"https:\/\/damartex.com\/en\/legal-notice\/","og_site_name":"Damartex","article_modified_time":"2026-01-23T09:49:33+00:00","twitter_card":"summary_large_image","twitter_misc":{"Est. reading time":"2 minutes"},"schema":{"@context":"https:\/\/schema.org","@graph":[{"@type":"WebPage","@id":"https:\/\/damartex.com\/en\/legal-notice\/","url":"https:\/\/damartex.com\/en\/legal-notice\/","name":"Legal notice - Damartex","isPartOf":{"@id":"https:\/\/damartex.com\/#website"},"datePublished":"2020-03-12T12:23:45+00:00","dateModified":"2026-01-23T09:49:33+00:00","breadcrumb":{"@id":"https:\/\/damartex.com\/en\/legal-notice\/#breadcrumb"},"inLanguage":"en-US","potentialAction":[{"@type":"ReadAction","target":["https:\/\/damartex.com\/en\/legal-notice\/"]}]},{"@type":"BreadcrumbList","@id":"https:\/\/damartex.com\/en\/legal-notice\/#breadcrumb","itemListElement":[{"@type":"ListItem","position":1,"name":"Home","item":"https:\/\/damartex.com\/en\/"},{"@type":"ListItem","position":2,"name":"Legal notice"}]},{"@type":"WebSite","@id":"https:\/\/damartex.com\/#website","url":"https:\/\/damartex.com\/","name":"Damartex","description":"Damartex regroupe neuf enseignes : Damart, Afibel, Xandres pour le p\u00f4le \u00ab Textile \u00bb, 3Pagen, Vitrine Magique, Coopers of Stortford, pour le p\u00f4le &quot;Home and Lifestyle&quot;, Sant\u00e9ol, MSant\u00e9 et Almadia pour le p\u00f4le &quot;Sant\u00e9&quot;","publisher":{"@id":"https:\/\/damartex.com\/#organization"},"potentialAction":[{"@type":"SearchAction","target":{"@type":"EntryPoint","urlTemplate":"https:\/\/damartex.com\/?s={search_term_string}"},"query-input":{"@type":"PropertyValueSpecification","valueRequired":true,"valueName":"search_term_string"}}],"inLanguage":"en-US"},{"@type":"Organization","@id":"https:\/\/damartex.com\/#organization","name":"Damartex","url":"https:\/\/damartex.com\/","logo":{"@type":"ImageObject","inLanguage":"en-US","@id":"https:\/\/damartex.com\/#\/schema\/logo\/image\/","url":"https:\/\/damartex.com\/assets\/uploads\/2020\/02\/logo.png","contentUrl":"https:\/\/damartex.com\/assets\/uploads\/2020\/02\/logo.png","width":451,"height":184,"caption":"Damartex"},"image":{"@id":"https:\/\/damartex.com\/#\/schema\/logo\/image\/"},"sameAs":["https:\/\/www.linkedin.com\/company\/groupe-damartex\/"]}]}},"_links":{"self":[{"href":"https:\/\/damartex.com\/en\/wp-json\/wp\/v2\/pages\/2366","targetHints":{"allow":["GET"]}}],"collection":[{"href":"https:\/\/damartex.com\/en\/wp-json\/wp\/v2\/pages"}],"about":[{"href":"https:\/\/damartex.com\/en\/wp-json\/wp\/v2\/types\/page"}],"author":[{"embeddable":true,"href":"https:\/\/damartex.com\/en\/wp-json\/wp\/v2\/users\/1"}],"replies":[{"embeddable":true,"href":"https:\/\/damartex.com\/en\/wp-json\/wp\/v2\/comments?post=2366"}],"version-history":[{"count":15,"href":"https:\/\/damartex.com\/en\/wp-json\/wp\/v2\/pages\/2366\/revisions"}],"predecessor-version":[{"id":7594,"href":"https:\/\/damartex.com\/en\/wp-json\/wp\/v2\/pages\/2366\/revisions\/7594"}],"wp:attachment":[{"href":"https:\/\/damartex.com\/en\/wp-json\/wp\/v2\/media?parent=2366"}],"curies":[{"name":"wp","href":"https:\/\/api.w.org\/{rel}","templated":true}]}}