{"id":1952,"date":"2020-02-14T13:57:56","date_gmt":"2020-02-14T12:57:56","guid":{"rendered":"https:\/\/damartex.com\/actualites\/"},"modified":"2020-03-05T15:46:10","modified_gmt":"2020-03-05T14:46:10","slug":"news","status":"publish","type":"page","link":"https:\/\/damartex.com\/en\/news\/","title":{"rendered":"News"},"content":{"rendered":"\t\t<div data-elementor-type=\"wp-page\" data-elementor-id=\"1952\" class=\"elementor elementor-1952 elementor-312\">\n\t\t\t\t\t\t<section class=\"elementor-section elementor-top-section elementor-element elementor-element-99ffb2c elementor-section-boxed elementor-section-height-default elementor-section-height-default\" data-id=\"99ffb2c\" data-element_type=\"section\" data-e-type=\"section\">\n\t\t\t\t\t\t<div class=\"elementor-container elementor-column-gap-no\">\n\t\t\t\t\t<div class=\"elementor-column elementor-col-100 elementor-top-column elementor-element elementor-element-03f7627\" data-id=\"03f7627\" data-element_type=\"column\" data-e-type=\"column\">\n\t\t\t<div class=\"elementor-widget-wrap elementor-element-populated\">\n\t\t\t\t\t\t<div class=\"elementor-element elementor-element-bd59444 elementor-widget elementor-widget-image\" data-id=\"bd59444\" data-element_type=\"widget\" data-e-type=\"widget\" data-widget_type=\"image.default\">\n\t\t\t\t<div class=\"elementor-widget-container\">\n\t\t\t\t\t\t\t\t\t\t\t\t\t\t\t<img fetchpriority=\"high\" decoding=\"async\" width=\"1680\" height=\"555\" src=\"https:\/\/damartex.com\/assets\/uploads\/2020\/03\/seniors-selfie.jpg\" class=\"attachment-full size-full wp-image-1877\" alt=\"\" srcset=\"https:\/\/damartex.com\/assets\/uploads\/2020\/03\/seniors-selfie.jpg 1680w, https:\/\/damartex.com\/assets\/uploads\/2020\/03\/seniors-selfie-300x99.jpg 300w, https:\/\/damartex.com\/assets\/uploads\/2020\/03\/seniors-selfie-1024x338.jpg 1024w, https:\/\/damartex.com\/assets\/uploads\/2020\/03\/seniors-selfie-768x254.jpg 768w, https:\/\/damartex.com\/assets\/uploads\/2020\/03\/seniors-selfie-1536x507.jpg 1536w\" sizes=\"(max-width: 1680px) 100vw, 1680px\" \/>\t\t\t\t\t\t\t\t\t\t\t\t\t\t\t<\/div>\n\t\t\t\t<\/div>\n\t\t\t\t\t<\/div>\n\t\t<\/div>\n\t\t\t\t\t<\/div>\n\t\t<\/section>\n\t\t\t\t<section class=\"elementor-section elementor-top-section elementor-element elementor-element-05e0ccd elementor-section-content-middle elementor-reverse-mobile elementor-section-boxed elementor-section-height-default elementor-section-height-default\" data-id=\"05e0ccd\" data-element_type=\"section\" data-e-type=\"section\">\n\t\t\t\t\t\t<div class=\"elementor-container elementor-column-gap-default\">\n\t\t\t\t\t<div class=\"elementor-column elementor-col-50 elementor-top-column elementor-element elementor-element-e930bc7\" data-id=\"e930bc7\" data-element_type=\"column\" data-e-type=\"column\">\n\t\t\t<div class=\"elementor-widget-wrap\">\n\t\t\t\t\t\t\t<\/div>\n\t\t<\/div>\n\t\t\t\t<div class=\"elementor-column elementor-col-50 elementor-top-column elementor-element elementor-element-2cd74b8\" data-id=\"2cd74b8\" data-element_type=\"column\" data-e-type=\"column\" data-settings=\"{&quot;background_background&quot;:&quot;classic&quot;}\">\n\t\t\t<div class=\"elementor-widget-wrap elementor-element-populated\">\n\t\t\t\t\t<div class=\"elementor-background-overlay\"><\/div>\n\t\t\t\t\t\t<div class=\"elementor-element elementor-element-286bd3d elementor-widget elementor-widget-heading\" data-id=\"286bd3d\" data-element_type=\"widget\" data-e-type=\"widget\" data-widget_type=\"heading.default\">\n\t\t\t\t<div class=\"elementor-widget-container\">\n\t\t\t\t\t<div class=\"elementor-heading-title elementor-size-small\">NEWS<\/div>\t\t\t\t<\/div>\n\t\t\t\t<\/div>\n\t\t\t\t<div class=\"elementor-element elementor-element-00e4680 elementor-widget elementor-widget-heading\" data-id=\"00e4680\" data-element_type=\"widget\" data-e-type=\"widget\" data-widget_type=\"heading.default\">\n\t\t\t\t<div class=\"elementor-widget-container\">\n\t\t\t\t\t<h2 class=\"elementor-heading-title elementor-size-xl\">Damartex<br>news<\/h2>\t\t\t\t<\/div>\n\t\t\t\t<\/div>\n\t\t\t\t\t<\/div>\n\t\t<\/div>\n\t\t\t\t\t<\/div>\n\t\t<\/section>\n\t\t\t\t<\/div>\n\t\t","protected":false},"excerpt":{"rendered":"<p>NEWS Damartexnews<\/p>\n","protected":false},"author":1,"featured_media":0,"parent":0,"menu_order":0,"comment_status":"closed","ping_status":"closed","template":"templates\/news.php","meta":{"_acf_changed":false,"footnotes":""},"class_list":["post-1952","page","type-page","status-publish","hentry"],"acf":[],"yoast_head":"<!-- This site is optimized with the Yoast SEO plugin v27.2 - https:\/\/yoast.com\/product\/yoast-seo-wordpress\/ -->\n<title>News - Damartex<\/title>\n<meta name=\"robots\" content=\"index, follow, max-snippet:-1, max-image-preview:large, max-video-preview:-1\" \/>\n<link rel=\"canonical\" href=\"https:\/\/damartex.com\/en\/news\/\" \/>\n<meta property=\"og:locale\" content=\"en_US\" \/>\n<meta property=\"og:type\" content=\"article\" \/>\n<meta property=\"og:title\" content=\"News - Damartex\" \/>\n<meta property=\"og:description\" content=\"NEWS Damartexnews\" \/>\n<meta property=\"og:url\" content=\"https:\/\/damartex.com\/en\/news\/\" \/>\n<meta property=\"og:site_name\" content=\"Damartex\" \/>\n<meta property=\"article:modified_time\" content=\"2020-03-05T14:46:10+00:00\" \/>\n<meta property=\"og:image\" content=\"https:\/\/damartex.com\/assets\/uploads\/2020\/03\/seniors-selfie.jpg\" \/>\n<meta name=\"twitter:card\" content=\"summary_large_image\" \/>\n<script type=\"application\/ld+json\" class=\"yoast-schema-graph\">{\"@context\":\"https:\/\/schema.org\",\"@graph\":[{\"@type\":\"WebPage\",\"@id\":\"https:\/\/damartex.com\/en\/news\/\",\"url\":\"https:\/\/damartex.com\/en\/news\/\",\"name\":\"News - Damartex\",\"isPartOf\":{\"@id\":\"https:\/\/damartex.com\/#website\"},\"primaryImageOfPage\":{\"@id\":\"https:\/\/damartex.com\/en\/news\/#primaryimage\"},\"image\":{\"@id\":\"https:\/\/damartex.com\/en\/news\/#primaryimage\"},\"thumbnailUrl\":\"https:\/\/damartex.com\/assets\/uploads\/2020\/03\/seniors-selfie.jpg\",\"datePublished\":\"2020-02-14T12:57:56+00:00\",\"dateModified\":\"2020-03-05T14:46:10+00:00\",\"breadcrumb\":{\"@id\":\"https:\/\/damartex.com\/en\/news\/#breadcrumb\"},\"inLanguage\":\"en-US\",\"potentialAction\":[{\"@type\":\"ReadAction\",\"target\":[\"https:\/\/damartex.com\/en\/news\/\"]}]},{\"@type\":\"ImageObject\",\"inLanguage\":\"en-US\",\"@id\":\"https:\/\/damartex.com\/en\/news\/#primaryimage\",\"url\":\"https:\/\/damartex.com\/assets\/uploads\/2020\/03\/seniors-selfie.jpg\",\"contentUrl\":\"https:\/\/damartex.com\/assets\/uploads\/2020\/03\/seniors-selfie.jpg\"},{\"@type\":\"BreadcrumbList\",\"@id\":\"https:\/\/damartex.com\/en\/news\/#breadcrumb\",\"itemListElement\":[{\"@type\":\"ListItem\",\"position\":1,\"name\":\"Home\",\"item\":\"https:\/\/damartex.com\/en\/\"},{\"@type\":\"ListItem\",\"position\":2,\"name\":\"News\"}]},{\"@type\":\"WebSite\",\"@id\":\"https:\/\/damartex.com\/#website\",\"url\":\"https:\/\/damartex.com\/\",\"name\":\"Damartex\",\"description\":\"Damartex regroupe neuf enseignes : Damart, Afibel, Xandres pour le p\u00f4le \u00ab Textile \u00bb, 3Pagen, Vitrine Magique, Coopers of Stortford, pour le p\u00f4le &quot;Home and Lifestyle&quot;, Sant\u00e9ol, MSant\u00e9 et Almadia pour le p\u00f4le &quot;Sant\u00e9&quot;\",\"publisher\":{\"@id\":\"https:\/\/damartex.com\/#organization\"},\"potentialAction\":[{\"@type\":\"SearchAction\",\"target\":{\"@type\":\"EntryPoint\",\"urlTemplate\":\"https:\/\/damartex.com\/?s={search_term_string}\"},\"query-input\":{\"@type\":\"PropertyValueSpecification\",\"valueRequired\":true,\"valueName\":\"search_term_string\"}}],\"inLanguage\":\"en-US\"},{\"@type\":\"Organization\",\"@id\":\"https:\/\/damartex.com\/#organization\",\"name\":\"Damartex\",\"url\":\"https:\/\/damartex.com\/\",\"logo\":{\"@type\":\"ImageObject\",\"inLanguage\":\"en-US\",\"@id\":\"https:\/\/damartex.com\/#\/schema\/logo\/image\/\",\"url\":\"https:\/\/damartex.com\/assets\/uploads\/2020\/02\/logo.png\",\"contentUrl\":\"https:\/\/damartex.com\/assets\/uploads\/2020\/02\/logo.png\",\"width\":451,\"height\":184,\"caption\":\"Damartex\"},\"image\":{\"@id\":\"https:\/\/damartex.com\/#\/schema\/logo\/image\/\"},\"sameAs\":[\"https:\/\/www.linkedin.com\/company\/groupe-damartex\/\"]}]}<\/script>\n<!-- \/ Yoast SEO plugin. -->","yoast_head_json":{"title":"News - Damartex","robots":{"index":"index","follow":"follow","max-snippet":"max-snippet:-1","max-image-preview":"max-image-preview:large","max-video-preview":"max-video-preview:-1"},"canonical":"https:\/\/damartex.com\/en\/news\/","og_locale":"en_US","og_type":"article","og_title":"News - Damartex","og_description":"NEWS Damartexnews","og_url":"https:\/\/damartex.com\/en\/news\/","og_site_name":"Damartex","article_modified_time":"2020-03-05T14:46:10+00:00","og_image":[{"url":"https:\/\/damartex.com\/assets\/uploads\/2020\/03\/seniors-selfie.jpg","type":"","width":"","height":""}],"twitter_card":"summary_large_image","schema":{"@context":"https:\/\/schema.org","@graph":[{"@type":"WebPage","@id":"https:\/\/damartex.com\/en\/news\/","url":"https:\/\/damartex.com\/en\/news\/","name":"News - Damartex","isPartOf":{"@id":"https:\/\/damartex.com\/#website"},"primaryImageOfPage":{"@id":"https:\/\/damartex.com\/en\/news\/#primaryimage"},"image":{"@id":"https:\/\/damartex.com\/en\/news\/#primaryimage"},"thumbnailUrl":"https:\/\/damartex.com\/assets\/uploads\/2020\/03\/seniors-selfie.jpg","datePublished":"2020-02-14T12:57:56+00:00","dateModified":"2020-03-05T14:46:10+00:00","breadcrumb":{"@id":"https:\/\/damartex.com\/en\/news\/#breadcrumb"},"inLanguage":"en-US","potentialAction":[{"@type":"ReadAction","target":["https:\/\/damartex.com\/en\/news\/"]}]},{"@type":"ImageObject","inLanguage":"en-US","@id":"https:\/\/damartex.com\/en\/news\/#primaryimage","url":"https:\/\/damartex.com\/assets\/uploads\/2020\/03\/seniors-selfie.jpg","contentUrl":"https:\/\/damartex.com\/assets\/uploads\/2020\/03\/seniors-selfie.jpg"},{"@type":"BreadcrumbList","@id":"https:\/\/damartex.com\/en\/news\/#breadcrumb","itemListElement":[{"@type":"ListItem","position":1,"name":"Home","item":"https:\/\/damartex.com\/en\/"},{"@type":"ListItem","position":2,"name":"News"}]},{"@type":"WebSite","@id":"https:\/\/damartex.com\/#website","url":"https:\/\/damartex.com\/","name":"Damartex","description":"Damartex regroupe neuf enseignes : Damart, Afibel, Xandres pour le p\u00f4le \u00ab Textile \u00bb, 3Pagen, Vitrine Magique, Coopers of Stortford, pour le p\u00f4le &quot;Home and Lifestyle&quot;, Sant\u00e9ol, MSant\u00e9 et Almadia pour le p\u00f4le &quot;Sant\u00e9&quot;","publisher":{"@id":"https:\/\/damartex.com\/#organization"},"potentialAction":[{"@type":"SearchAction","target":{"@type":"EntryPoint","urlTemplate":"https:\/\/damartex.com\/?s={search_term_string}"},"query-input":{"@type":"PropertyValueSpecification","valueRequired":true,"valueName":"search_term_string"}}],"inLanguage":"en-US"},{"@type":"Organization","@id":"https:\/\/damartex.com\/#organization","name":"Damartex","url":"https:\/\/damartex.com\/","logo":{"@type":"ImageObject","inLanguage":"en-US","@id":"https:\/\/damartex.com\/#\/schema\/logo\/image\/","url":"https:\/\/damartex.com\/assets\/uploads\/2020\/02\/logo.png","contentUrl":"https:\/\/damartex.com\/assets\/uploads\/2020\/02\/logo.png","width":451,"height":184,"caption":"Damartex"},"image":{"@id":"https:\/\/damartex.com\/#\/schema\/logo\/image\/"},"sameAs":["https:\/\/www.linkedin.com\/company\/groupe-damartex\/"]}]}},"_links":{"self":[{"href":"https:\/\/damartex.com\/en\/wp-json\/wp\/v2\/pages\/1952","targetHints":{"allow":["GET"]}}],"collection":[{"href":"https:\/\/damartex.com\/en\/wp-json\/wp\/v2\/pages"}],"about":[{"href":"https:\/\/damartex.com\/en\/wp-json\/wp\/v2\/types\/page"}],"author":[{"embeddable":true,"href":"https:\/\/damartex.com\/en\/wp-json\/wp\/v2\/users\/1"}],"replies":[{"embeddable":true,"href":"https:\/\/damartex.com\/en\/wp-json\/wp\/v2\/comments?post=1952"}],"version-history":[{"count":0,"href":"https:\/\/damartex.com\/en\/wp-json\/wp\/v2\/pages\/1952\/revisions"}],"wp:attachment":[{"href":"https:\/\/damartex.com\/en\/wp-json\/wp\/v2\/media?parent=1952"}],"curies":[{"name":"wp","href":"https:\/\/api.w.org\/{rel}","templated":true}]}}