{"id":1327,"date":"2020-03-03T14:54:44","date_gmt":"2020-03-03T13:54:44","guid":{"rendered":"https:\/\/damartex.com\/?page_id=1327"},"modified":"2026-04-01T10:05:45","modified_gmt":"2026-04-01T08:05:45","slug":"finance","status":"publish","type":"page","link":"https:\/\/damartex.com\/en\/finance\/","title":{"rendered":"Financial area"},"content":{"rendered":"\t\t<div data-elementor-type=\"wp-page\" data-elementor-id=\"1327\" class=\"elementor elementor-1327 elementor-340\">\n\t\t\t\t\t\t<section class=\"elementor-section elementor-top-section elementor-element elementor-element-eb64c1a elementor-section-boxed elementor-section-height-default elementor-section-height-default\" data-id=\"eb64c1a\" data-element_type=\"section\" data-e-type=\"section\">\n\t\t\t\t\t\t<div class=\"elementor-container elementor-column-gap-no\">\n\t\t\t\t\t<div class=\"elementor-column elementor-col-100 elementor-top-column elementor-element elementor-element-0e7b475\" data-id=\"0e7b475\" data-element_type=\"column\" data-e-type=\"column\">\n\t\t\t<div class=\"elementor-widget-wrap elementor-element-populated\">\n\t\t\t\t\t\t<div class=\"elementor-element elementor-element-128185e elementor-widget elementor-widget-image\" data-id=\"128185e\" data-element_type=\"widget\" data-e-type=\"widget\" data-widget_type=\"image.default\">\n\t\t\t\t<div class=\"elementor-widget-container\">\n\t\t\t\t\t\t\t\t\t\t\t\t\t\t\t<img fetchpriority=\"high\" decoding=\"async\" width=\"1680\" height=\"555\" src=\"https:\/\/damartex.com\/assets\/uploads\/2020\/03\/Visuel-finance.jpg\" class=\"attachment-full size-full wp-image-745\" alt=\"\" srcset=\"https:\/\/damartex.com\/assets\/uploads\/2020\/03\/Visuel-finance.jpg 1680w, https:\/\/damartex.com\/assets\/uploads\/2020\/03\/Visuel-finance-300x99.jpg 300w, https:\/\/damartex.com\/assets\/uploads\/2020\/03\/Visuel-finance-1024x338.jpg 1024w, https:\/\/damartex.com\/assets\/uploads\/2020\/03\/Visuel-finance-768x254.jpg 768w, https:\/\/damartex.com\/assets\/uploads\/2020\/03\/Visuel-finance-1536x507.jpg 1536w\" sizes=\"(max-width: 1680px) 100vw, 1680px\" \/>\t\t\t\t\t\t\t\t\t\t\t\t\t\t\t<\/div>\n\t\t\t\t<\/div>\n\t\t\t\t\t<\/div>\n\t\t<\/div>\n\t\t\t\t\t<\/div>\n\t\t<\/section>\n\t\t\t\t<section class=\"elementor-section elementor-top-section elementor-element elementor-element-529f91d elementor-section-content-middle elementor-reverse-mobile elementor-section-boxed elementor-section-height-default elementor-section-height-default\" data-id=\"529f91d\" data-element_type=\"section\" data-e-type=\"section\">\n\t\t\t\t\t\t<div class=\"elementor-container elementor-column-gap-default\">\n\t\t\t\t\t<div class=\"elementor-column elementor-col-50 elementor-top-column elementor-element elementor-element-cbffd46\" data-id=\"cbffd46\" data-element_type=\"column\" data-e-type=\"column\">\n\t\t\t<div class=\"elementor-widget-wrap\">\n\t\t\t\t\t\t\t<\/div>\n\t\t<\/div>\n\t\t\t\t<div class=\"elementor-column elementor-col-50 elementor-top-column elementor-element elementor-element-9fda8e0\" data-id=\"9fda8e0\" data-element_type=\"column\" data-e-type=\"column\" data-settings=\"{&quot;background_background&quot;:&quot;classic&quot;}\">\n\t\t\t<div class=\"elementor-widget-wrap elementor-element-populated\">\n\t\t\t\t\t<div class=\"elementor-background-overlay\"><\/div>\n\t\t\t\t\t\t<div class=\"elementor-element elementor-element-9864379 elementor-widget elementor-widget-heading\" data-id=\"9864379\" data-element_type=\"widget\" data-e-type=\"widget\" data-widget_type=\"heading.default\">\n\t\t\t\t<div class=\"elementor-widget-container\">\n\t\t\t\t\t<div class=\"elementor-heading-title elementor-size-small\">ESPACE FINANCIER<\/div>\t\t\t\t<\/div>\n\t\t\t\t<\/div>\n\t\t\t\t<div class=\"elementor-element elementor-element-a7d9e74 elementor-widget__width-initial elementor-widget elementor-widget-heading\" data-id=\"a7d9e74\" data-element_type=\"widget\" data-e-type=\"widget\" data-widget_type=\"heading.default\">\n\t\t\t\t<div class=\"elementor-widget-container\">\n\t\t\t\t\t<h2 class=\"elementor-heading-title elementor-size-xl\">Evolve to strengthen \nand grow\n\n<\/h2>\t\t\t\t<\/div>\n\t\t\t\t<\/div>\n\t\t\t\t\t<\/div>\n\t\t<\/div>\n\t\t\t\t\t<\/div>\n\t\t<\/section>\n\t\t\t\t<\/div>\n\t\t","protected":false},"excerpt":{"rendered":"<p>ESPACE FINANCIER Evolve to strengthen and grow<\/p>\n","protected":false},"author":1,"featured_media":0,"parent":0,"menu_order":0,"comment_status":"closed","ping_status":"closed","template":"templates\/finance.php","meta":{"_acf_changed":false,"footnotes":""},"class_list":["post-1327","page","type-page","status-publish","hentry"],"acf":[],"yoast_head":"<!-- This site is optimized with the Yoast SEO plugin v27.2 - https:\/\/yoast.com\/product\/yoast-seo-wordpress\/ -->\n<title>Financial area - Damartex<\/title>\n<meta name=\"robots\" content=\"index, follow, max-snippet:-1, max-image-preview:large, max-video-preview:-1\" \/>\n<link rel=\"canonical\" href=\"https:\/\/damartex.com\/en\/finance\/\" \/>\n<meta property=\"og:locale\" content=\"en_US\" \/>\n<meta property=\"og:type\" content=\"article\" \/>\n<meta property=\"og:title\" content=\"Financial area - Damartex\" \/>\n<meta property=\"og:description\" content=\"ESPACE FINANCIER Evolve to strengthen and grow\" \/>\n<meta property=\"og:url\" content=\"https:\/\/damartex.com\/en\/finance\/\" \/>\n<meta property=\"og:site_name\" content=\"Damartex\" \/>\n<meta property=\"article:modified_time\" content=\"2026-04-01T08:05:45+00:00\" \/>\n<meta property=\"og:image\" content=\"https:\/\/damartex.com\/assets\/uploads\/2020\/03\/Visuel-finance.jpg\" \/>\n<meta name=\"twitter:card\" content=\"summary_large_image\" \/>\n<meta name=\"twitter:label1\" content=\"Est. reading time\" \/>\n\t<meta name=\"twitter:data1\" content=\"1 minute\" \/>\n<script type=\"application\/ld+json\" class=\"yoast-schema-graph\">{\"@context\":\"https:\/\/schema.org\",\"@graph\":[{\"@type\":\"WebPage\",\"@id\":\"https:\/\/damartex.com\/en\/finance\/\",\"url\":\"https:\/\/damartex.com\/en\/finance\/\",\"name\":\"Financial area - Damartex\",\"isPartOf\":{\"@id\":\"https:\/\/damartex.com\/#website\"},\"primaryImageOfPage\":{\"@id\":\"https:\/\/damartex.com\/en\/finance\/#primaryimage\"},\"image\":{\"@id\":\"https:\/\/damartex.com\/en\/finance\/#primaryimage\"},\"thumbnailUrl\":\"https:\/\/damartex.com\/assets\/uploads\/2020\/03\/Visuel-finance.jpg\",\"datePublished\":\"2020-03-03T13:54:44+00:00\",\"dateModified\":\"2026-04-01T08:05:45+00:00\",\"breadcrumb\":{\"@id\":\"https:\/\/damartex.com\/en\/finance\/#breadcrumb\"},\"inLanguage\":\"en-US\",\"potentialAction\":[{\"@type\":\"ReadAction\",\"target\":[\"https:\/\/damartex.com\/en\/finance\/\"]}]},{\"@type\":\"ImageObject\",\"inLanguage\":\"en-US\",\"@id\":\"https:\/\/damartex.com\/en\/finance\/#primaryimage\",\"url\":\"https:\/\/damartex.com\/assets\/uploads\/2020\/03\/Visuel-finance.jpg\",\"contentUrl\":\"https:\/\/damartex.com\/assets\/uploads\/2020\/03\/Visuel-finance.jpg\"},{\"@type\":\"BreadcrumbList\",\"@id\":\"https:\/\/damartex.com\/en\/finance\/#breadcrumb\",\"itemListElement\":[{\"@type\":\"ListItem\",\"position\":1,\"name\":\"Home\",\"item\":\"https:\/\/damartex.com\/en\/\"},{\"@type\":\"ListItem\",\"position\":2,\"name\":\"Financial area\"}]},{\"@type\":\"WebSite\",\"@id\":\"https:\/\/damartex.com\/#website\",\"url\":\"https:\/\/damartex.com\/\",\"name\":\"Damartex\",\"description\":\"Damartex regroupe neuf enseignes : Damart, Afibel, Xandres pour le p\u00f4le \u00ab Textile \u00bb, 3Pagen, Vitrine Magique, Coopers of Stortford, pour le p\u00f4le &quot;Home and Lifestyle&quot;, Sant\u00e9ol, MSant\u00e9 et Almadia pour le p\u00f4le &quot;Sant\u00e9&quot;\",\"publisher\":{\"@id\":\"https:\/\/damartex.com\/#organization\"},\"potentialAction\":[{\"@type\":\"SearchAction\",\"target\":{\"@type\":\"EntryPoint\",\"urlTemplate\":\"https:\/\/damartex.com\/?s={search_term_string}\"},\"query-input\":{\"@type\":\"PropertyValueSpecification\",\"valueRequired\":true,\"valueName\":\"search_term_string\"}}],\"inLanguage\":\"en-US\"},{\"@type\":\"Organization\",\"@id\":\"https:\/\/damartex.com\/#organization\",\"name\":\"Damartex\",\"url\":\"https:\/\/damartex.com\/\",\"logo\":{\"@type\":\"ImageObject\",\"inLanguage\":\"en-US\",\"@id\":\"https:\/\/damartex.com\/#\/schema\/logo\/image\/\",\"url\":\"https:\/\/damartex.com\/assets\/uploads\/2020\/02\/logo.png\",\"contentUrl\":\"https:\/\/damartex.com\/assets\/uploads\/2020\/02\/logo.png\",\"width\":451,\"height\":184,\"caption\":\"Damartex\"},\"image\":{\"@id\":\"https:\/\/damartex.com\/#\/schema\/logo\/image\/\"},\"sameAs\":[\"https:\/\/www.linkedin.com\/company\/groupe-damartex\/\"]}]}<\/script>\n<!-- \/ Yoast SEO plugin. -->","yoast_head_json":{"title":"Financial area - Damartex","robots":{"index":"index","follow":"follow","max-snippet":"max-snippet:-1","max-image-preview":"max-image-preview:large","max-video-preview":"max-video-preview:-1"},"canonical":"https:\/\/damartex.com\/en\/finance\/","og_locale":"en_US","og_type":"article","og_title":"Financial area - Damartex","og_description":"ESPACE FINANCIER Evolve to strengthen and grow","og_url":"https:\/\/damartex.com\/en\/finance\/","og_site_name":"Damartex","article_modified_time":"2026-04-01T08:05:45+00:00","og_image":[{"url":"https:\/\/damartex.com\/assets\/uploads\/2020\/03\/Visuel-finance.jpg","type":"","width":"","height":""}],"twitter_card":"summary_large_image","twitter_misc":{"Est. reading time":"1 minute"},"schema":{"@context":"https:\/\/schema.org","@graph":[{"@type":"WebPage","@id":"https:\/\/damartex.com\/en\/finance\/","url":"https:\/\/damartex.com\/en\/finance\/","name":"Financial area - Damartex","isPartOf":{"@id":"https:\/\/damartex.com\/#website"},"primaryImageOfPage":{"@id":"https:\/\/damartex.com\/en\/finance\/#primaryimage"},"image":{"@id":"https:\/\/damartex.com\/en\/finance\/#primaryimage"},"thumbnailUrl":"https:\/\/damartex.com\/assets\/uploads\/2020\/03\/Visuel-finance.jpg","datePublished":"2020-03-03T13:54:44+00:00","dateModified":"2026-04-01T08:05:45+00:00","breadcrumb":{"@id":"https:\/\/damartex.com\/en\/finance\/#breadcrumb"},"inLanguage":"en-US","potentialAction":[{"@type":"ReadAction","target":["https:\/\/damartex.com\/en\/finance\/"]}]},{"@type":"ImageObject","inLanguage":"en-US","@id":"https:\/\/damartex.com\/en\/finance\/#primaryimage","url":"https:\/\/damartex.com\/assets\/uploads\/2020\/03\/Visuel-finance.jpg","contentUrl":"https:\/\/damartex.com\/assets\/uploads\/2020\/03\/Visuel-finance.jpg"},{"@type":"BreadcrumbList","@id":"https:\/\/damartex.com\/en\/finance\/#breadcrumb","itemListElement":[{"@type":"ListItem","position":1,"name":"Home","item":"https:\/\/damartex.com\/en\/"},{"@type":"ListItem","position":2,"name":"Financial area"}]},{"@type":"WebSite","@id":"https:\/\/damartex.com\/#website","url":"https:\/\/damartex.com\/","name":"Damartex","description":"Damartex regroupe neuf enseignes : Damart, Afibel, Xandres pour le p\u00f4le \u00ab Textile \u00bb, 3Pagen, Vitrine Magique, Coopers of Stortford, pour le p\u00f4le &quot;Home and Lifestyle&quot;, Sant\u00e9ol, MSant\u00e9 et Almadia pour le p\u00f4le &quot;Sant\u00e9&quot;","publisher":{"@id":"https:\/\/damartex.com\/#organization"},"potentialAction":[{"@type":"SearchAction","target":{"@type":"EntryPoint","urlTemplate":"https:\/\/damartex.com\/?s={search_term_string}"},"query-input":{"@type":"PropertyValueSpecification","valueRequired":true,"valueName":"search_term_string"}}],"inLanguage":"en-US"},{"@type":"Organization","@id":"https:\/\/damartex.com\/#organization","name":"Damartex","url":"https:\/\/damartex.com\/","logo":{"@type":"ImageObject","inLanguage":"en-US","@id":"https:\/\/damartex.com\/#\/schema\/logo\/image\/","url":"https:\/\/damartex.com\/assets\/uploads\/2020\/02\/logo.png","contentUrl":"https:\/\/damartex.com\/assets\/uploads\/2020\/02\/logo.png","width":451,"height":184,"caption":"Damartex"},"image":{"@id":"https:\/\/damartex.com\/#\/schema\/logo\/image\/"},"sameAs":["https:\/\/www.linkedin.com\/company\/groupe-damartex\/"]}]}},"_links":{"self":[{"href":"https:\/\/damartex.com\/en\/wp-json\/wp\/v2\/pages\/1327","targetHints":{"allow":["GET"]}}],"collection":[{"href":"https:\/\/damartex.com\/en\/wp-json\/wp\/v2\/pages"}],"about":[{"href":"https:\/\/damartex.com\/en\/wp-json\/wp\/v2\/types\/page"}],"author":[{"embeddable":true,"href":"https:\/\/damartex.com\/en\/wp-json\/wp\/v2\/users\/1"}],"replies":[{"embeddable":true,"href":"https:\/\/damartex.com\/en\/wp-json\/wp\/v2\/comments?post=1327"}],"version-history":[{"count":149,"href":"https:\/\/damartex.com\/en\/wp-json\/wp\/v2\/pages\/1327\/revisions"}],"predecessor-version":[{"id":7651,"href":"https:\/\/damartex.com\/en\/wp-json\/wp\/v2\/pages\/1327\/revisions\/7651"}],"wp:attachment":[{"href":"https:\/\/damartex.com\/en\/wp-json\/wp\/v2\/media?parent=1327"}],"curies":[{"name":"wp","href":"https:\/\/api.w.org\/{rel}","templated":true}]}}